{"id":17513,"date":"2020-03-25T18:31:25","date_gmt":"2020-03-25T17:31:25","guid":{"rendered":"https:\/\/www.weingutrenner.at\/privacy-policy\/"},"modified":"2024-04-28T15:34:10","modified_gmt":"2024-04-28T13:34:10","slug":"privacy-policy","status":"publish","type":"page","link":"https:\/\/www.weingutrenner.at\/en\/privacy-policy\/","title":{"rendered":"Privacy policy"},"content":{"rendered":"<div class=\"wpb-content-wrapper\"><p>[vc_row css_animation=&#8221;&#8221; row_type=&#8221;row&#8221; use_row_as_full_screen_section=&#8221;no&#8221; type=&#8221;full_width&#8221; angled_section=&#8221;no&#8221; text_align=&#8221;left&#8221; background_image_as_pattern=&#8221;without_pattern&#8221;][vc_column][vc_separator type=&#8221;normal&#8221;][vc_column_text]<\/p>\n<h2 style=\"text-align: center;\">Data protection<\/h2>\n<p>[\/vc_column_text][vc_separator type=&#8221;small&#8221; position=&#8221;center&#8221; up=&#8221;20&#8243; down=&#8221;80&#8243;][vc_separator type=&#8221;transparent&#8221;][vc_column_text]<\/p>\n&#13;\n<p id=\"heading__Datenschutzerklaerung_\">Der Schutz Ihrer pers\u00f6nlichen Daten ist uns ein besonderes Anliegen. Wir verarbeiten Ihre Daten daher ausschlie\u00dflich auf Grundlage der gesetzlichen Bestimmungen (DSGVO, TKG 2003). In diesen Datenschutzinformationen informieren wir Sie \u00fcber die wichtigsten Aspekte der Datenverarbeitung im Rahmen unserer Website.<\/p>&#13;\n<p>\nBeim Besuch unserer Webseite wird Ihre IP-Adresse, Beginn und Ende der Sitzung f\u00fcr die Dauer dieser Sitzung erfasst. Dies ist technisch bedingt und stellt damit ein berechtigtes Interesse iSv Art 6 Abs 1 lit f DSGVO dar. Soweit im Folgenden nichts anderes geregelt wird, werden diese Daten von uns nicht weiterverarbeitet.\r\n<p>&nbsp;<\/p>\n<p>&nbsp;<\/p>\n&#13;\n<h3 class=\"wp-block-heading\" id=\"heading_Cookies\">Cookies<\/h3>&#13;\n<p><\/p><p> <b><script\n\t\ttype=\"text\/javascript\"\n\t\tid=\"CookieDeclaration\"\n\t\tsrc=\"https:\/\/consent.cookiebot.com\/2c4c8424-5c12-4869-b464-8c596212898f\/cd.js\"\n\t\t\tdata-culture=\"DE\"\n\t\tasync><\/script>\n<\/b><\/p>\n<p>&nbsp;<\/p>\n&#13;\n<h3 class=\"wp-block-heading\">\u00a0<\/h3>&#13;\n<h3 id=\"heading_Web_Analyse\">Web analysis<\/h3>&#13;\n<p>\nUnsere Website verwendet Funktionen des Webanalysedienstes Google Analytics der Google Inc., 1600 Amphitheatre Parkway, Mountain View, CA 94043, USA (\u201eGoogle\u201c)<em>.\u00a0<\/em>Dazu werden Cookies verwendet, die eine Analyse der Benutzung der Website durch Ihre Benutzer erm\u00f6glicht. Die dadurch erzeugten Informationen werden auf den Server des Anbieters \u00fcbertragen und dort gespeichert.&#13;\n<p>\nSie k\u00f6nnen dies verhindern, indem Sie Ihren Browser so einrichten, dass keine Cookies gespeichert werden.\r\n<p>\nWir haben mit dem Anbieter einen entsprechenden Vertrag zur Auftragsdatenverarbeitung abgeschlossen.\r\n<p>\nGoogle wird diese Informationen in unserem Auftrag benutzen, um Ihre Nutzung der Website auszuwerten, um Reports \u00fcber die Website-Aktivit\u00e4ten zusammenzustellen und um weitere mit der Website-Nutzung und der Internetnutzung verbundenen Dienstleistungen gegen\u00fcber Website-Betreibern zu erbringen.\r\n<p>\nWir setzen Google Analytics nur mit aktiver IP-Anonymisierung ein. Das bedeutet, die IP-Adresse der Nutzer wird von Google innerhalb von Mitgliedstaaten der Europ\u00e4ischen Union oder in anderen Vertragsstaaten des Abkommens \u00fcber den Europ\u00e4ischen Wirtschaftsraum gek\u00fcrzt. Nur in Ausnahmef\u00e4llen wird die IP-Adresse an einen Server von Google in den USA \u00fcbertragen und dort gek\u00fcrzt.\r\n<p>\nSie k\u00f6nnen die Erfassung der durch das Cookie erzeugten und auf Ihre Nutzung des Onlineangebotes bezogenen Daten an Google sowie die Verarbeitung dieser Daten durch Google verhindern, indem Sie das unter dem folgenden Link verf\u00fcgbare Browser-Plugin herunterladen und installieren:\u00a0<a href=\"http:\/\/tools.google.com\/dlpage\/gaoptout\" target=\"_blank\" rel=\"noreferrer noopener\">tools.google.com\/dlpage\/gaoptout<\/a>.&#13;\n<p>\nWir nutzen die Funktionen von Google Analytics zur Analyse der Websitenutzung, z.B. in Form von anonymisierten Auswertungen und Grafiken zu PageViews und Visits, sowie f\u00fcr Remarketing, Berichte zu Impressionen im Google Display-Netzwerk, Integration von DoubleClick Campaign Manager und Google Analytics-Berichte zur Leistung nach demografischen Merkmalen und Interessen.\r\n<p>\nGoogle Analytics speichert Cookies in Ihrem Webbrowser f\u00fcr die Dauer von zwei Jahren seit Ihrem letzten Besuch. Diese Cookies enthaltene eine zufallsgenerierte User-ID, mit der Sie bei zuk\u00fcnftigen Website-Besuchen wiedererkannt werden k\u00f6nnen.\r\n<p>\nDie aufgezeichneten Daten werden zusammen mit der zufallsgenerierten User-ID gespeichert, was die Auswertung pseudonymer Nutzerprofile erm\u00f6glicht. Diese nutzerbezogenen Daten werden automatisch nach 14 Monaten gel\u00f6scht. Sonstige Daten bleiben in aggregierter Form unbefristet gespeichert.\r\n<p>\nN\u00e4here Informationen zu Nutzungsbedingungen und Datenschutz finden Sie unter\u00a0<a href=\"http:\/\/www.google.com\/analytics\/terms\/de.html\" target=\"_blank\" rel=\"noreferrer noopener\">www.google.com\/analytics\/terms\/de.html<\/a>\u00a0bzw. unter\u00a0<a href=\"http:\/\/www.google.de\/intl\/de\/policies\/\" target=\"_blank\" rel=\"noreferrer noopener\">www.google.de\/intl\/de\/policies\/<\/a>.&#13;\n<p>&nbsp;<\/p>\n&#13;\n<h3 class=\"wp-block-heading\">\u00a0<\/h3>&#13;\n<h3 id=\"heading_Ihre_Rechte\">Your rights<\/h3>&#13;\n<p>\nIhnen stehen bez\u00fcglich Ihrer bei uns gespeicherten Daten\u00a0grunds\u00e4tzlich die Rechte auf Auskunft, Berichtigung, L\u00f6schung, Einschr\u00e4nkung, Daten\u00fcbertragbarkeit, Widerruf und Widerspruch zu. Wenn Sie glauben, dass die Verarbeitung Ihrer Daten gegen das Datenschutzrecht verst\u00f6\u00dft oder Ihre datenschutzrechtlichen Anspr\u00fcche sonst in einer Weise verletzt worden sind, k\u00f6nnen Sie sich bei der\u00a0uns\u00a0 <a href=\"mailto:office@weingutrenner.at\" target=\"_blank\" rel=\"noreferrer noopener\">office@weingutrenner.at<\/a> oder der Datenschutzbeh\u00f6rde beschweren.&#13;\n<p>&nbsp;<\/p>\n&#13;\n<h3 class=\"wp-block-heading\">\u00a0<\/h3>&#13;\n<h3 id=\"heading_Sie_erreichen_uns_unter_folgenden_Kontaktdaten_\">You can reach us using the following contact details:<\/h3>&#13;\n<p>\nBioWeingut Karl Renner<br\/>P\u00f6ssnitz 79<br\/>8463 Leutschach a. d. Weinstra\u00dfe<br\/>Email:\u00a0<a href=\"mailto:office@weingutrenner.at\" target=\"_blank\" rel=\"noreferrer noopener\">office@weingutrenner.at<\/a><br\/>Tel: +43 3454 6483&#13;\n<p><\/p><\/p>\n<p>[\/vc_column_text][\/vc_column][\/vc_row]<\/p>\n<\/div>","protected":false},"excerpt":{"rendered":"<p>[vc_row css_animation=&#8221;&#8221; row_type=&#8221;row&#8221; use_row_as_full_screen_section=&#8221;no&#8221; type=&#8221;full_width&#8221; angled_section=&#8221;no&#8221; text_align=&#8221;left&#8221; background_image_as_pattern=&#8221;without_pattern&#8221;][vc_column][vc_separator type=&#8221;normal&#8221;][vc_column_text] Data protection [\/vc_column_text][vc_separator type=&#8221;small&#8221; position=&#8221;center&#8221; up=&#8221;20&#8243; down=&#8221;80&#8243;][vc_separator type=&#8221;transparent&#8221;][vc_column_text] &#13; Der Schutz Ihrer pers\u00f6nlichen Daten ist uns ein besonderes Anliegen. Wir verarbeiten Ihre Daten daher ausschlie\u00dflich auf Grundlage der gesetzlichen Bestimmungen (DSGVO, TKG 2003). In diesen Datenschutzinformationen&#8230;<\/p>\n","protected":false},"author":1,"featured_media":0,"parent":0,"menu_order":0,"comment_status":"closed","ping_status":"closed","template":"","meta":{"footnotes":""},"class_list":["post-17513","page","type-page","status-publish","hentry"],"yoast_head":"<!-- This site is optimized with the Yoast SEO plugin v27.5 - https:\/\/yoast.com\/product\/yoast-seo-wordpress\/ -->\n<title>Privacy policy - BioWeingut Karl Renner<\/title>\n<meta name=\"robots\" content=\"noindex, nofollow\" \/>\n<meta property=\"og:locale\" content=\"en_US\" \/>\n<meta property=\"og:type\" content=\"article\" \/>\n<meta property=\"og:title\" content=\"Privacy policy - BioWeingut Karl Renner\" \/>\n<meta property=\"og:description\" content=\"[vc_row css_animation=&#8221;&#8221; row_type=&#8221;row&#8221; use_row_as_full_screen_section=&#8221;no&#8221; type=&#8221;full_width&#8221; angled_section=&#8221;no&#8221; text_align=&#8221;left&#8221; background_image_as_pattern=&#8221;without_pattern&#8221;][vc_column][vc_separator type=&#8221;normal&#8221;][vc_column_text] Data protection [\/vc_column_text][vc_separator type=&#8221;small&#8221; position=&#8221;center&#8221; up=&#8221;20&#8243; down=&#8221;80&#8243;][vc_separator type=&#8221;transparent&#8221;][vc_column_text] &#013; Der Schutz Ihrer pers\u00f6nlichen Daten ist uns ein besonderes Anliegen. Wir verarbeiten Ihre Daten daher ausschlie\u00dflich auf Grundlage der gesetzlichen Bestimmungen (DSGVO, TKG 2003). In diesen Datenschutzinformationen...\" \/>\n<meta property=\"og:url\" content=\"https:\/\/www.weingutrenner.at\/en\/privacy-policy\/\" \/>\n<meta property=\"og:site_name\" content=\"BioWeingut Karl Renner\" \/>\n<meta property=\"article:publisher\" content=\"https:\/\/www.facebook.com\/weingutkarlrenner\" \/>\n<meta property=\"article:modified_time\" content=\"2024-04-28T13:34:10+00:00\" \/>\n<meta name=\"twitter:card\" content=\"summary_large_image\" \/>\n<meta name=\"twitter:label1\" content=\"Est. reading time\" \/>\n\t<meta name=\"twitter:data1\" content=\"3 minutes\" \/>\n<script type=\"application\/ld+json\" class=\"yoast-schema-graph\">{\"@context\":\"https:\\\/\\\/schema.org\",\"@graph\":[{\"@type\":\"WebPage\",\"@id\":\"https:\\\/\\\/www.weingutrenner.at\\\/en\\\/privacy-policy\\\/\",\"url\":\"https:\\\/\\\/www.weingutrenner.at\\\/en\\\/privacy-policy\\\/\",\"name\":\"Privacy policy - BioWeingut Karl Renner\",\"isPartOf\":{\"@id\":\"https:\\\/\\\/www.weingutrenner.at\\\/en\\\/#website\"},\"datePublished\":\"2020-03-25T17:31:25+00:00\",\"dateModified\":\"2024-04-28T13:34:10+00:00\",\"breadcrumb\":{\"@id\":\"https:\\\/\\\/www.weingutrenner.at\\\/en\\\/privacy-policy\\\/#breadcrumb\"},\"inLanguage\":\"en-US\",\"potentialAction\":[{\"@type\":\"ReadAction\",\"target\":[\"https:\\\/\\\/www.weingutrenner.at\\\/en\\\/privacy-policy\\\/\"]}]},{\"@type\":\"BreadcrumbList\",\"@id\":\"https:\\\/\\\/www.weingutrenner.at\\\/en\\\/privacy-policy\\\/#breadcrumb\",\"itemListElement\":[{\"@type\":\"ListItem\",\"position\":1,\"name\":\"Startseite\",\"item\":\"https:\\\/\\\/www.weingutrenner.at\\\/en\\\/\"},{\"@type\":\"ListItem\",\"position\":2,\"name\":\"Privacy policy\"}]},{\"@type\":\"WebSite\",\"@id\":\"https:\\\/\\\/www.weingutrenner.at\\\/en\\\/#website\",\"url\":\"https:\\\/\\\/www.weingutrenner.at\\\/en\\\/\",\"name\":\"BioWeingut Karl Renner\",\"description\":\"BioWeingut in Leutschach an der Weinstra\u00dfe | S\u00fcdsteiermark\",\"publisher\":{\"@id\":\"https:\\\/\\\/www.weingutrenner.at\\\/en\\\/#organization\"},\"potentialAction\":[{\"@type\":\"SearchAction\",\"target\":{\"@type\":\"EntryPoint\",\"urlTemplate\":\"https:\\\/\\\/www.weingutrenner.at\\\/en\\\/?s={search_term_string}\"},\"query-input\":{\"@type\":\"PropertyValueSpecification\",\"valueRequired\":true,\"valueName\":\"search_term_string\"}}],\"inLanguage\":\"en-US\"},{\"@type\":\"Organization\",\"@id\":\"https:\\\/\\\/www.weingutrenner.at\\\/en\\\/#organization\",\"name\":\"BioWeingut Karl Renner\",\"url\":\"https:\\\/\\\/www.weingutrenner.at\\\/en\\\/\",\"logo\":{\"@type\":\"ImageObject\",\"inLanguage\":\"en-US\",\"@id\":\"https:\\\/\\\/www.weingutrenner.at\\\/en\\\/#\\\/schema\\\/logo\\\/image\\\/\",\"url\":\"https:\\\/\\\/www.weingutrenner.at\\\/wp-content\\\/uploads\\\/2019\\\/02\\\/Logo-neu-Renner-Klein-e1549018893588.jpg\",\"contentUrl\":\"https:\\\/\\\/www.weingutrenner.at\\\/wp-content\\\/uploads\\\/2019\\\/02\\\/Logo-neu-Renner-Klein-e1549018893588.jpg\",\"width\":500,\"height\":99,\"caption\":\"BioWeingut Karl Renner\"},\"image\":{\"@id\":\"https:\\\/\\\/www.weingutrenner.at\\\/en\\\/#\\\/schema\\\/logo\\\/image\\\/\"},\"sameAs\":[\"https:\\\/\\\/www.facebook.com\\\/weingutkarlrenner\"]}]}<\/script>\n<!-- \/ Yoast SEO plugin. -->","yoast_head_json":{"title":"Privacy policy - BioWeingut Karl Renner","robots":{"index":"noindex","follow":"nofollow"},"og_locale":"en_US","og_type":"article","og_title":"Privacy policy - BioWeingut Karl Renner","og_description":"[vc_row css_animation=&#8221;&#8221; row_type=&#8221;row&#8221; use_row_as_full_screen_section=&#8221;no&#8221; type=&#8221;full_width&#8221; angled_section=&#8221;no&#8221; text_align=&#8221;left&#8221; background_image_as_pattern=&#8221;without_pattern&#8221;][vc_column][vc_separator type=&#8221;normal&#8221;][vc_column_text] Data protection [\/vc_column_text][vc_separator type=&#8221;small&#8221; position=&#8221;center&#8221; up=&#8221;20&#8243; down=&#8221;80&#8243;][vc_separator type=&#8221;transparent&#8221;][vc_column_text] &#13; Der Schutz Ihrer pers\u00f6nlichen Daten ist uns ein besonderes Anliegen. Wir verarbeiten Ihre Daten daher ausschlie\u00dflich auf Grundlage der gesetzlichen Bestimmungen (DSGVO, TKG 2003). In diesen Datenschutzinformationen...","og_url":"https:\/\/www.weingutrenner.at\/en\/privacy-policy\/","og_site_name":"BioWeingut Karl Renner","article_publisher":"https:\/\/www.facebook.com\/weingutkarlrenner","article_modified_time":"2024-04-28T13:34:10+00:00","twitter_card":"summary_large_image","twitter_misc":{"Est. reading time":"3 minutes"},"schema":{"@context":"https:\/\/schema.org","@graph":[{"@type":"WebPage","@id":"https:\/\/www.weingutrenner.at\/en\/privacy-policy\/","url":"https:\/\/www.weingutrenner.at\/en\/privacy-policy\/","name":"Privacy policy - BioWeingut Karl Renner","isPartOf":{"@id":"https:\/\/www.weingutrenner.at\/en\/#website"},"datePublished":"2020-03-25T17:31:25+00:00","dateModified":"2024-04-28T13:34:10+00:00","breadcrumb":{"@id":"https:\/\/www.weingutrenner.at\/en\/privacy-policy\/#breadcrumb"},"inLanguage":"en-US","potentialAction":[{"@type":"ReadAction","target":["https:\/\/www.weingutrenner.at\/en\/privacy-policy\/"]}]},{"@type":"BreadcrumbList","@id":"https:\/\/www.weingutrenner.at\/en\/privacy-policy\/#breadcrumb","itemListElement":[{"@type":"ListItem","position":1,"name":"Startseite","item":"https:\/\/www.weingutrenner.at\/en\/"},{"@type":"ListItem","position":2,"name":"Privacy policy"}]},{"@type":"WebSite","@id":"https:\/\/www.weingutrenner.at\/en\/#website","url":"https:\/\/www.weingutrenner.at\/en\/","name":"BioWeingut Karl Renner","description":"BioWeingut in Leutschach an der Weinstra\u00dfe | S\u00fcdsteiermark","publisher":{"@id":"https:\/\/www.weingutrenner.at\/en\/#organization"},"potentialAction":[{"@type":"SearchAction","target":{"@type":"EntryPoint","urlTemplate":"https:\/\/www.weingutrenner.at\/en\/?s={search_term_string}"},"query-input":{"@type":"PropertyValueSpecification","valueRequired":true,"valueName":"search_term_string"}}],"inLanguage":"en-US"},{"@type":"Organization","@id":"https:\/\/www.weingutrenner.at\/en\/#organization","name":"BioWeingut Karl Renner","url":"https:\/\/www.weingutrenner.at\/en\/","logo":{"@type":"ImageObject","inLanguage":"en-US","@id":"https:\/\/www.weingutrenner.at\/en\/#\/schema\/logo\/image\/","url":"https:\/\/www.weingutrenner.at\/wp-content\/uploads\/2019\/02\/Logo-neu-Renner-Klein-e1549018893588.jpg","contentUrl":"https:\/\/www.weingutrenner.at\/wp-content\/uploads\/2019\/02\/Logo-neu-Renner-Klein-e1549018893588.jpg","width":500,"height":99,"caption":"BioWeingut Karl Renner"},"image":{"@id":"https:\/\/www.weingutrenner.at\/en\/#\/schema\/logo\/image\/"},"sameAs":["https:\/\/www.facebook.com\/weingutkarlrenner"]}]}},"_links":{"self":[{"href":"https:\/\/www.weingutrenner.at\/en\/wp-json\/wp\/v2\/pages\/17513","targetHints":{"allow":["GET"]}}],"collection":[{"href":"https:\/\/www.weingutrenner.at\/en\/wp-json\/wp\/v2\/pages"}],"about":[{"href":"https:\/\/www.weingutrenner.at\/en\/wp-json\/wp\/v2\/types\/page"}],"author":[{"embeddable":true,"href":"https:\/\/www.weingutrenner.at\/en\/wp-json\/wp\/v2\/users\/1"}],"replies":[{"embeddable":true,"href":"https:\/\/www.weingutrenner.at\/en\/wp-json\/wp\/v2\/comments?post=17513"}],"version-history":[{"count":3,"href":"https:\/\/www.weingutrenner.at\/en\/wp-json\/wp\/v2\/pages\/17513\/revisions"}],"predecessor-version":[{"id":17572,"href":"https:\/\/www.weingutrenner.at\/en\/wp-json\/wp\/v2\/pages\/17513\/revisions\/17572"}],"wp:attachment":[{"href":"https:\/\/www.weingutrenner.at\/en\/wp-json\/wp\/v2\/media?parent=17513"}],"curies":[{"name":"wp","href":"https:\/\/api.w.org\/{rel}","templated":true}]}}